{"id":25,"date":"2023-07-19T15:37:15","date_gmt":"2023-07-19T15:37:15","guid":{"rendered":"https:\/\/21bitcoin.eu\/?page_id=25"},"modified":"2023-07-24T15:50:37","modified_gmt":"2023-07-24T15:50:37","slug":"","status":"publish","type":"page","link":"https:\/\/21bitcoin.eu\/lt\/","title":{"rendered":"","raw":""},"content":{"rendered":"","protected":false,"raw":""},"excerpt":{"rendered":"","protected":false,"raw":""},"author":1,"featured_media":0,"parent":0,"menu_order":0,"comment_status":"closed","ping_status":"closed","template":"","meta":{"_en_post_content":"<h2>A Simple &amp; Secure Way to DCA Buy BTC<\/h2>\r\n<h3>Use <a href=\"https:\/\/21bitcoinreferralcode.eu\/\" target=\"_blank\" rel=\"noopener\"><span style=\"text-decoration: underline;\">21Bitcoin Referral Code<\/span><\/a> <strong>\"HHTWB\" to get 0.79% fee.<\/strong><\/h3>\r\n<h4><strong>Download 21 Bitcoin app today.<\/strong><\/h4>","_en_post_name":"home","_en_post_excerpt":"","_en_post_title":"21Bitcoin app","_de_post_content":"<h2>Eine einfache und sichere Methode, um BTC zu kaufen<\/h2>\r\n<h3>Verwenden Sie den <a href=\"https:\/\/21bitcoinreferralcode.eu\/\" target=\"_blank\" rel=\"noopener\"><span style=\"text-decoration: underline;\">21Bitcoin Empfehlungscode<\/span><\/a> <strong>\"HHTWB\", um eine Geb\u00fchr von 0,79% zu erhalten.<\/strong><\/h3>\r\n<h4><strong>Laden Sie die 21 Bitcoin App heute herunter.<\/strong><\/h4>","_de_post_name":"21bitcoin-app","_de_post_excerpt":"","_de_post_title":"21Bitcoin app","_fr_post_content":"<h2>Une mani\u00e8re simple et s\u00e9curis\u00e9e d'acheter du BTC<\/h2>\r\n<h3>Utilisez le <a href=\"https:\/\/21bitcoinreferralcode.eu\/\" target=\"_blank\" rel=\"noopener\"><span style=\"text-decoration: underline;\">Code de Parrainage 21Bitcoin<\/span><\/a> <strong>\"HHTWB\" pour obtenir des frais de 0,79%.<\/strong><\/h3>\r\n<h4><strong>T\u00e9l\u00e9chargez l'application 21 Bitcoin aujourd'hui.<\/strong><\/h4>\r\n","_fr_post_name":"21bitcoin-app","_fr_post_excerpt":"","_fr_post_title":"21Bitcoin app","_it_post_content":"<h2>Un modo semplice e sicuro per comprare BTC<\/h2>\r\n<h3>Usa il <a href=\"https:\/\/21bitcoinreferralcode.eu\/\" target=\"_blank\" rel=\"noopener\"><span style=\"text-decoration: underline;\">Codice di Riferimento 21Bitcoin<\/span><\/a> <strong>\"HHTWB\" per ottenere una commissione dello 0,79%.<\/strong><\/h3>\r\n<h4><strong>Scarica l'app 21 Bitcoin oggi.<\/strong><\/h4>","_it_post_name":"home","_it_post_excerpt":"","_it_post_title":"21Bitcoin app","_nl_post_content":"<h2>Een eenvoudige en veilige manier om BTC te kopen<\/h2>\r\n<h3>Gebruik de <a href=\"https:\/\/21bitcoinreferralcode.eu\/\" target=\"_blank\" rel=\"noopener\"><span style=\"text-decoration: underline;\">21Bitcoin Verwijzingscode<\/span><\/a> <strong>\"HHTWB\" om een vergoeding van 0,79% te krijgen.<\/strong><\/h3>\r\n<h4><strong>Download de 21 Bitcoin app vandaag nog.<\/strong><\/h4>","_nl_post_name":"21bitcoin-app","_nl_post_excerpt":"","_nl_post_title":"21Bitcoin app","_es_post_content":"<h2>Una forma sencilla y segura de comprar BTC<\/h2>\r\n<h3>Usa el <a href=\"https:\/\/21bitcoinreferralcode.eu\/\" target=\"_blank\" rel=\"noopener\"><span style=\"text-decoration: underline;\">C\u00f3digo de Referencia de 21Bitcoin<\/span><\/a> <strong>\"HHTWB\" para obtener una tarifa del 0,79%.<\/strong><\/h3>\r\n<h4><strong>Descarga la aplicaci\u00f3n 21 Bitcoin hoy.<\/strong><\/h4>","_es_post_name":"21bitcoin-app","_es_post_excerpt":"","_es_post_title":"21Bitcoin app","_pl_post_content":"","_pl_post_name":"","_pl_post_excerpt":"","_pl_post_title":"","_ro_post_content":"","_ro_post_name":"","_ro_post_excerpt":"","_ro_post_title":"","_pt_post_content":"","_pt_post_name":"","_pt_post_excerpt":"","_pt_post_title":"","_cs_post_content":"","_cs_post_name":"","_cs_post_excerpt":"","_cs_post_title":"","_hu_post_content":"","_hu_post_name":"","_hu_post_excerpt":"","_hu_post_title":"","_el_post_content":"","_el_post_name":"","_el_post_excerpt":"","_el_post_title":"","_sv_post_content":"","_sv_post_name":"","_sv_post_excerpt":"","_sv_post_title":"","_da_post_content":"","_da_post_name":"","_da_post_excerpt":"","_da_post_title":"","_fi_post_content":"","_fi_post_name":"","_fi_post_excerpt":"","_fi_post_title":"","_sl_post_content":"","_sl_post_name":"","_sl_post_excerpt":"","_sl_post_title":"","_lt_post_content":"","_lt_post_name":"","_lt_post_excerpt":"","_lt_post_title":"","_lv_post_content":"","_lv_post_name":"","_lv_post_excerpt":"","_lv_post_title":"","_et_post_content":"","_et_post_name":"","_et_post_excerpt":"","_et_post_title":"","_hr_post_content":"","_hr_post_name":"","_hr_post_excerpt":"","_hr_post_title":"","_nb_post_content":"","_nb_post_name":"","_nb_post_excerpt":"","_nb_post_title":"","edit_language":"lt"},"yoast_head":"<!-- This site is optimized with the Yoast SEO plugin v21.0 - https:\/\/yoast.com\/wordpress\/plugins\/seo\/ -->\n<title>21Bitcoin app - 21 Bitcoin App<\/title>\n<meta name=\"description\" content=\"Download 21Bitcoin app for a simple, secure way to trade Bitcoin. Use 21Bitcoin referral code &#039;HHTWB&#039; to get fee to a low 0.79%.\" \/>\n<meta name=\"robots\" content=\"index, follow, max-snippet:-1, max-image-preview:large, max-video-preview:-1\" \/>\n<link rel=\"canonical\" href=\"https:\/\/21bitcoin.eu\/es\/\" \/>\n<meta property=\"og:locale\" content=\"lt_LT\" \/>\n<meta property=\"og:type\" content=\"article\" \/>\n<meta property=\"og:title\" content=\"21Bitcoin app - 21 Bitcoin App\" \/>\n<meta property=\"og:description\" content=\"Download 21Bitcoin app for a simple, secure way to trade Bitcoin. Use 21Bitcoin referral code &#039;HHTWB&#039; to get fee to a low 0.79%.\" \/>\n<meta property=\"og:url\" content=\"https:\/\/21bitcoin.eu\/es\/\" \/>\n<meta property=\"og:site_name\" content=\"21 Bitcoin App\" \/>\n<meta property=\"article:modified_time\" content=\"2023-07-24T15:50:37+00:00\" \/>\n<meta name=\"twitter:card\" content=\"summary_large_image\" \/>\n<script type=\"application\/ld+json\" class=\"yoast-schema-graph\">{\"@context\":\"https:\/\/schema.org\",\"@graph\":[{\"@type\":\"WebPage\",\"@id\":\"https:\/\/21bitcoin.eu\/es\/\",\"url\":\"https:\/\/21bitcoin.eu\/es\/\",\"name\":\"21Bitcoin app - 21 Bitcoin App\",\"isPartOf\":{\"@id\":\"https:\/\/21bitcoin.eu\/#website\"},\"datePublished\":\"2023-07-19T15:37:15+00:00\",\"dateModified\":\"2023-07-24T15:50:37+00:00\",\"description\":\"Download 21Bitcoin app for a simple, secure way to trade Bitcoin. Use 21Bitcoin referral code 'HHTWB' to get fee to a low 0.79%.\",\"breadcrumb\":{\"@id\":\"https:\/\/21bitcoin.eu\/es\/#breadcrumb\"},\"inLanguage\":\"lt-LT\",\"potentialAction\":[{\"@type\":\"ReadAction\",\"target\":[\"https:\/\/21bitcoin.eu\/es\/\"]}]},{\"@type\":\"BreadcrumbList\",\"@id\":\"https:\/\/21bitcoin.eu\/es\/#breadcrumb\",\"itemListElement\":[{\"@type\":\"ListItem\",\"position\":1,\"name\":\"Home\",\"item\":\"https:\/\/21bitcoin.eu\/es\/\"},{\"@type\":\"ListItem\",\"position\":2,\"name\":\"21Bitcoin app\"}]},{\"@type\":\"WebSite\",\"@id\":\"https:\/\/21bitcoin.eu\/#website\",\"url\":\"https:\/\/21bitcoin.eu\/\",\"name\":\"21 Bitcoin App\",\"description\":\"Download &amp; use Referral Code &quot;HHTWB&quot;\",\"potentialAction\":[{\"@type\":\"SearchAction\",\"target\":{\"@type\":\"EntryPoint\",\"urlTemplate\":\"https:\/\/21bitcoin.eu\/?s={search_term_string}\"},\"query-input\":\"required name=search_term_string\"}],\"inLanguage\":\"lt-LT\"}]}<\/script>\n<!-- \/ Yoast SEO plugin. -->","yoast_head_json":{"title":"21Bitcoin app - 21 Bitcoin App","description":"Download 21Bitcoin app for a simple, secure way to trade Bitcoin. Use 21Bitcoin referral code 'HHTWB' to get fee to a low 0.79%.","robots":{"index":"index","follow":"follow","max-snippet":"max-snippet:-1","max-image-preview":"max-image-preview:large","max-video-preview":"max-video-preview:-1"},"canonical":"https:\/\/21bitcoin.eu\/es\/","og_locale":"lt_LT","og_type":"article","og_title":"21Bitcoin app - 21 Bitcoin App","og_description":"Download 21Bitcoin app for a simple, secure way to trade Bitcoin. Use 21Bitcoin referral code 'HHTWB' to get fee to a low 0.79%.","og_url":"https:\/\/21bitcoin.eu\/es\/","og_site_name":"21 Bitcoin App","article_modified_time":"2023-07-24T15:50:37+00:00","twitter_card":"summary_large_image","schema":{"@context":"https:\/\/schema.org","@graph":[{"@type":"WebPage","@id":"https:\/\/21bitcoin.eu\/es\/","url":"https:\/\/21bitcoin.eu\/es\/","name":"21Bitcoin app - 21 Bitcoin App","isPartOf":{"@id":"https:\/\/21bitcoin.eu\/#website"},"datePublished":"2023-07-19T15:37:15+00:00","dateModified":"2023-07-24T15:50:37+00:00","description":"Download 21Bitcoin app for a simple, secure way to trade Bitcoin. Use 21Bitcoin referral code 'HHTWB' to get fee to a low 0.79%.","breadcrumb":{"@id":"https:\/\/21bitcoin.eu\/es\/#breadcrumb"},"inLanguage":"lt-LT","potentialAction":[{"@type":"ReadAction","target":["https:\/\/21bitcoin.eu\/es\/"]}]},{"@type":"BreadcrumbList","@id":"https:\/\/21bitcoin.eu\/es\/#breadcrumb","itemListElement":[{"@type":"ListItem","position":1,"name":"Home","item":"https:\/\/21bitcoin.eu\/es\/"},{"@type":"ListItem","position":2,"name":"21Bitcoin app"}]},{"@type":"WebSite","@id":"https:\/\/21bitcoin.eu\/#website","url":"https:\/\/21bitcoin.eu\/","name":"21 Bitcoin App","description":"Download &amp; use Referral Code &quot;HHTWB&quot;","potentialAction":[{"@type":"SearchAction","target":{"@type":"EntryPoint","urlTemplate":"https:\/\/21bitcoin.eu\/?s={search_term_string}"},"query-input":"required name=search_term_string"}],"inLanguage":"lt-LT"}]}},"_links":{"self":[{"href":"https:\/\/21bitcoin.eu\/lt\/wp-json\/wp\/v2\/pages\/25"}],"collection":[{"href":"https:\/\/21bitcoin.eu\/lt\/wp-json\/wp\/v2\/pages"}],"about":[{"href":"https:\/\/21bitcoin.eu\/lt\/wp-json\/wp\/v2\/types\/page"}],"author":[{"embeddable":true,"href":"https:\/\/21bitcoin.eu\/lt\/wp-json\/wp\/v2\/users\/1"}],"replies":[{"embeddable":true,"href":"https:\/\/21bitcoin.eu\/lt\/wp-json\/wp\/v2\/comments?post=25"}],"version-history":[{"count":18,"href":"https:\/\/21bitcoin.eu\/lt\/wp-json\/wp\/v2\/pages\/25\/revisions"}],"predecessor-version":[{"id":55,"href":"https:\/\/21bitcoin.eu\/lt\/wp-json\/wp\/v2\/pages\/25\/revisions\/55"}],"wp:attachment":[{"href":"https:\/\/21bitcoin.eu\/lt\/wp-json\/wp\/v2\/media?parent=25"}],"curies":[{"name":"wp","href":"https:\/\/api.w.org\/{rel}","templated":true}]}}